{"id":30,"date":"2026-02-22T17:42:47","date_gmt":"2026-02-22T17:42:47","guid":{"rendered":"https:\/\/toastenzo.bureauraven.nl\/?page_id=30"},"modified":"2026-04-16T14:53:35","modified_gmt":"2026-04-16T14:53:35","slug":"home","status":"publish","type":"page","link":"https:\/\/toastenzo.bureauraven.nl\/","title":{"rendered":"Home"},"content":{"rendered":"\t\t<div data-elementor-type=\"wp-page\" data-elementor-id=\"30\" class=\"elementor elementor-30\" data-elementor-post-type=\"page\">\n\t\t\t\t<div class=\"elementor-element elementor-element-204df9e e-flex e-con-boxed e-con e-parent\" data-id=\"204df9e\" data-element_type=\"container\" data-e-type=\"container\" data-settings=\"{&quot;background_background&quot;:&quot;classic&quot;}\">\n\t\t\t\t\t<div class=\"e-con-inner\">\n\t\t<div class=\"elementor-element elementor-element-a60e6be e-con-full e-flex e-con e-child\" data-id=\"a60e6be\" data-element_type=\"container\" data-e-type=\"container\">\n\t\t\t\t<div class=\"elementor-element elementor-element-3782f9f elementor-widget elementor-widget-heading\" data-id=\"3782f9f\" data-element_type=\"widget\" data-e-type=\"widget\" data-widget_type=\"heading.default\">\n\t\t\t\t\t<h1 class=\"elementor-heading-title elementor-size-default\">Ambachtelijke broodjes &amp; meer<\/h1>\t\t\t\t<\/div>\n\t\t\t\t<div class=\"elementor-element elementor-element-4aa9c5d elementor-widget elementor-widget-heading\" data-id=\"4aa9c5d\" data-element_type=\"widget\" data-e-type=\"widget\" data-widget_type=\"heading.default\">\n\t\t\t\t\t<h1 class=\"elementor-heading-title elementor-size-default\">Bij Toast &amp; zo geniet je van vers belegde broodjes<\/h1>\t\t\t\t<\/div>\n\t\t<div class=\"elementor-element elementor-element-8322513 e-con-full e-flex e-con e-child\" data-id=\"8322513\" data-element_type=\"container\" data-e-type=\"container\">\n\t\t<div class=\"elementor-element elementor-element-1a47101 e-con-full e-flex e-con e-child\" data-id=\"1a47101\" data-element_type=\"container\" data-e-type=\"container\">\n\t\t\t\t<div class=\"elementor-element elementor-element-8a35c69 elementor-align-justify elementor-mobile-align-left elementor-widget elementor-widget-button\" data-id=\"8a35c69\" data-element_type=\"widget\" data-e-type=\"widget\" data-widget_type=\"button.default\">\n\t\t\t\t\t\t\t\t\t\t<a class=\"elementor-button elementor-button-link elementor-size-sm\" href=\"https:\/\/toastenzo.foodticket.nl\/foodticket\/cgi\/bestel.cgi\">\n\t\t\t\t\t\t<span class=\"elementor-button-content-wrapper\">\n\t\t\t\t\t\t\t\t\t<span class=\"elementor-button-text\">Bestel online<\/span>\n\t\t\t\t\t<\/span>\n\t\t\t\t\t<\/a>\n\t\t\t\t\t\t\t\t<\/div>\n\t\t\t\t<\/div>\n\t\t<div class=\"elementor-element elementor-element-e217714 e-con-full e-flex e-con e-child\" data-id=\"e217714\" data-element_type=\"container\" data-e-type=\"container\">\n\t\t\t\t<div class=\"elementor-element elementor-element-715f72b elementor-align-justify elementor-widget__width-initial elementor-mobile-align-left elementor-widget elementor-widget-button\" data-id=\"715f72b\" data-element_type=\"widget\" data-e-type=\"widget\" data-widget_type=\"button.default\">\n\t\t\t\t\t\t\t\t\t\t<a class=\"elementor-button elementor-button-link elementor-size-sm\" href=\"https:\/\/toastenzo.bureauraven.nl\/wp-content\/uploads\/2026\/04\/Menukaart-Toast-enzo.pdf\">\n\t\t\t\t\t\t<span class=\"elementor-button-content-wrapper\">\n\t\t\t\t\t\t\t\t\t<span class=\"elementor-button-text\">Menukaart<\/span>\n\t\t\t\t\t<\/span>\n\t\t\t\t\t<\/a>\n\t\t\t\t\t\t\t\t<\/div>\n\t\t\t\t<\/div>\n\t\t\t\t<\/div>\n\t\t\t\t<\/div>\n\t\t\t\t\t<\/div>\n\t\t\t\t<\/div>\n\t\t<div class=\"elementor-element elementor-element-f367d58 e-flex e-con-boxed e-con e-parent\" data-id=\"f367d58\" data-element_type=\"container\" data-e-type=\"container\" data-settings=\"{&quot;background_background&quot;:&quot;classic&quot;}\">\n\t\t\t\t\t<div class=\"e-con-inner\">\n\t\t<div class=\"elementor-element elementor-element-4f86e5f e-con-full e-flex e-con e-child\" data-id=\"4f86e5f\" data-element_type=\"container\" data-e-type=\"container\">\n\t\t\t\t<div class=\"elementor-element elementor-element-e37c8a5 elementor-widget elementor-widget-heading\" data-id=\"e37c8a5\" data-element_type=\"widget\" data-e-type=\"widget\" data-widget_type=\"heading.default\">\n\t\t\t\t\t<h2 class=\"elementor-heading-title elementor-size-default\">Ontdek onze broodjes van de maand<\/h2>\t\t\t\t<\/div>\n\t\t\t\t<div class=\"elementor-element elementor-element-bb23ba0 elementor-widget elementor-widget-text-editor\" data-id=\"bb23ba0\" data-element_type=\"widget\" data-e-type=\"widget\" data-widget_type=\"text-editor.default\">\n\t\t\t\t\t\t\t\t\t<p>Elke maand stellen we met zorg een aantal broodjes samen die n\u00e9t even anders zijn. Seizoensgebonden ingredi\u00ebnten, verrassende combinaties en altijd vers bereid. Kom langs en proef onze favorieten van deze maand.<\/p>\t\t\t\t\t\t\t\t<\/div>\n\t\t\t\t<\/div>\n\t\t<div class=\"elementor-element elementor-element-27f530c e-con-full e-flex e-con e-child\" data-id=\"27f530c\" data-element_type=\"container\" data-e-type=\"container\" data-settings=\"{&quot;background_background&quot;:&quot;classic&quot;}\">\n\t\t\t\t<div class=\"elementor-element elementor-element-6fd3470 elementor-widget elementor-widget-image\" data-id=\"6fd3470\" data-element_type=\"widget\" data-e-type=\"widget\" data-widget_type=\"image.default\">\n\t\t\t\t\t\t\t\t\t\t\t\t\t\t\t<img fetchpriority=\"high\" decoding=\"async\" width=\"640\" height=\"427\" src=\"https:\/\/toastenzo.bureauraven.nl\/wp-content\/uploads\/2026\/02\/ChatGPT-Image-22-feb-2026-20_06_54-1024x683.png\" class=\"attachment-large size-large wp-image-55\" alt=\"\" srcset=\"https:\/\/toastenzo.bureauraven.nl\/wp-content\/uploads\/2026\/02\/ChatGPT-Image-22-feb-2026-20_06_54-1024x683.png 1024w, https:\/\/toastenzo.bureauraven.nl\/wp-content\/uploads\/2026\/02\/ChatGPT-Image-22-feb-2026-20_06_54-300x200.png 300w, https:\/\/toastenzo.bureauraven.nl\/wp-content\/uploads\/2026\/02\/ChatGPT-Image-22-feb-2026-20_06_54-768x512.png 768w, https:\/\/toastenzo.bureauraven.nl\/wp-content\/uploads\/2026\/02\/ChatGPT-Image-22-feb-2026-20_06_54.png 1536w\" sizes=\"(max-width: 640px) 100vw, 640px\" \/>\t\t\t\t\t\t\t\t\t\t\t\t\t\t\t<\/div>\n\t\t\t\t<div class=\"elementor-element elementor-element-f4a3e6c elementor-widget elementor-widget-heading\" data-id=\"f4a3e6c\" data-element_type=\"widget\" data-e-type=\"widget\" data-widget_type=\"heading.default\">\n\t\t\t\t\t<h2 class=\"elementor-heading-title elementor-size-default\">Huisgemaakte eiersalade<\/h2>\t\t\t\t<\/div>\n\t\t\t\t<div class=\"elementor-element elementor-element-01ed92a elementor-widget elementor-widget-text-editor\" data-id=\"01ed92a\" data-element_type=\"widget\" data-e-type=\"widget\" data-widget_type=\"text-editor.default\">\n\t\t\t\t\t\t\t\t\t<p data-start=\"180\" data-end=\"276\">Romige eiersalade met spek, rode ui, lente-ui, cornichon en verse bieslook op een bedje van sla.<\/p>\t\t\t\t\t\t\t\t<\/div>\n\t\t\t\t<\/div>\n\t\t<div class=\"elementor-element elementor-element-732a11d e-con-full e-flex e-con e-child\" data-id=\"732a11d\" data-element_type=\"container\" data-e-type=\"container\" data-settings=\"{&quot;background_background&quot;:&quot;classic&quot;}\">\n\t\t\t\t<div class=\"elementor-element elementor-element-7326492 elementor-widget elementor-widget-image\" data-id=\"7326492\" data-element_type=\"widget\" data-e-type=\"widget\" data-widget_type=\"image.default\">\n\t\t\t\t\t\t\t\t\t\t\t\t\t\t\t<img decoding=\"async\" width=\"640\" height=\"427\" src=\"https:\/\/toastenzo.bureauraven.nl\/wp-content\/uploads\/2026\/02\/ChatGPT-Image-22-feb-2026-20_10_35-1024x683.png\" class=\"attachment-large size-large wp-image-57\" alt=\"\" srcset=\"https:\/\/toastenzo.bureauraven.nl\/wp-content\/uploads\/2026\/02\/ChatGPT-Image-22-feb-2026-20_10_35-1024x683.png 1024w, https:\/\/toastenzo.bureauraven.nl\/wp-content\/uploads\/2026\/02\/ChatGPT-Image-22-feb-2026-20_10_35-300x200.png 300w, https:\/\/toastenzo.bureauraven.nl\/wp-content\/uploads\/2026\/02\/ChatGPT-Image-22-feb-2026-20_10_35-768x512.png 768w, https:\/\/toastenzo.bureauraven.nl\/wp-content\/uploads\/2026\/02\/ChatGPT-Image-22-feb-2026-20_10_35.png 1536w\" sizes=\"(max-width: 640px) 100vw, 640px\" \/>\t\t\t\t\t\t\t\t\t\t\t\t\t\t\t<\/div>\n\t\t\t\t<div class=\"elementor-element elementor-element-a5aaa38 elementor-widget elementor-widget-heading\" data-id=\"a5aaa38\" data-element_type=\"widget\" data-e-type=\"widget\" data-widget_type=\"heading.default\">\n\t\t\t\t\t<h2 class=\"elementor-heading-title elementor-size-default\">Hete kip<\/h2>\t\t\t\t<\/div>\n\t\t\t\t<div class=\"elementor-element elementor-element-db0aad1 elementor-widget elementor-widget-text-editor\" data-id=\"db0aad1\" data-element_type=\"widget\" data-e-type=\"widget\" data-widget_type=\"text-editor.default\">\n\t\t\t\t\t\t\t\t\t<p data-start=\"418\" data-end=\"515\">Pittige kip met ui, champignon en paprika, afgemaakt met een kruidige piri-pirisaus en verse sla.<\/p>\t\t\t\t\t\t\t\t<\/div>\n\t\t\t\t<\/div>\n\t\t<div class=\"elementor-element elementor-element-1de04a9 e-con-full e-flex e-con e-child\" data-id=\"1de04a9\" data-element_type=\"container\" data-e-type=\"container\" data-settings=\"{&quot;background_background&quot;:&quot;classic&quot;}\">\n\t\t\t\t<div class=\"elementor-element elementor-element-885a2d0 elementor-widget elementor-widget-image\" data-id=\"885a2d0\" data-element_type=\"widget\" data-e-type=\"widget\" data-widget_type=\"image.default\">\n\t\t\t\t\t\t\t\t\t\t\t\t\t\t\t<img decoding=\"async\" width=\"640\" height=\"427\" src=\"https:\/\/toastenzo.bureauraven.nl\/wp-content\/uploads\/2026\/02\/ChatGPT-Image-22-feb-2026-20_09_30-1024x683.png\" class=\"attachment-large size-large wp-image-56\" alt=\"\" srcset=\"https:\/\/toastenzo.bureauraven.nl\/wp-content\/uploads\/2026\/02\/ChatGPT-Image-22-feb-2026-20_09_30-1024x683.png 1024w, https:\/\/toastenzo.bureauraven.nl\/wp-content\/uploads\/2026\/02\/ChatGPT-Image-22-feb-2026-20_09_30-300x200.png 300w, https:\/\/toastenzo.bureauraven.nl\/wp-content\/uploads\/2026\/02\/ChatGPT-Image-22-feb-2026-20_09_30-768x512.png 768w, https:\/\/toastenzo.bureauraven.nl\/wp-content\/uploads\/2026\/02\/ChatGPT-Image-22-feb-2026-20_09_30.png 1536w\" sizes=\"(max-width: 640px) 100vw, 640px\" \/>\t\t\t\t\t\t\t\t\t\t\t\t\t\t\t<\/div>\n\t\t\t\t<div class=\"elementor-element elementor-element-1a52da1 elementor-widget elementor-widget-heading\" data-id=\"1a52da1\" data-element_type=\"widget\" data-e-type=\"widget\" data-widget_type=\"heading.default\">\n\t\t\t\t\t<h2 class=\"elementor-heading-title elementor-size-default\">Gezond<\/h2>\t\t\t\t<\/div>\n\t\t\t\t<div class=\"elementor-element elementor-element-819c047 elementor-widget elementor-widget-text-editor\" data-id=\"819c047\" data-element_type=\"widget\" data-e-type=\"widget\" data-widget_type=\"text-editor.default\">\n\t\t\t\t\t\t\t\t\t<p data-start=\"306\" data-end=\"386\">Een klassieker met sla, ham, kaas, komkommer, tomaat, ei en een frisse dressing.<\/p>\t\t\t\t\t\t\t\t<\/div>\n\t\t\t\t<\/div>\n\t\t\t\t\t<\/div>\n\t\t\t\t<\/div>\n\t\t<div class=\"elementor-element elementor-element-783f27d e-flex e-con-boxed e-con e-parent\" data-id=\"783f27d\" data-element_type=\"container\" data-e-type=\"container\">\n\t\t\t\t\t<div class=\"e-con-inner\">\n\t\t<div class=\"elementor-element elementor-element-b7b672d e-con-full e-flex e-con e-child\" data-id=\"b7b672d\" data-element_type=\"container\" data-e-type=\"container\">\n\t\t\t\t<div class=\"elementor-element elementor-element-21d6b90 elementor-widget elementor-widget-heading\" data-id=\"21d6b90\" data-element_type=\"widget\" data-e-type=\"widget\" data-widget_type=\"heading.default\">\n\t\t\t\t\t<h2 class=\"elementor-heading-title elementor-size-default\">Vers samengestelde lunchboxen van Toast &amp; zo<\/h2>\t\t\t\t<\/div>\n\t\t\t\t<div class=\"elementor-element elementor-element-2c1f274 elementor-widget elementor-widget-text-editor\" data-id=\"2c1f274\" data-element_type=\"widget\" data-e-type=\"widget\" data-widget_type=\"text-editor.default\">\n\t\t\t\t\t\t\t\t\t<p>Onze lunchboxen zijn ideaal voor werk, vergaderingen, school of een dagje onderweg. Elke lunchbox wordt vers samengesteld met kwalitatieve ingredi\u00ebnten en met zorg verpakt, zodat alles klaar is om direct van te genieten.<br data-start=\"338\" data-end=\"341\" \/>Omdat we uitsluitend met verse producten werken, vragen we om de lunchboxen <strong data-start=\"417\" data-end=\"453\">een dag van tevoren te bestellen<\/strong>. Zo kunnen we alles met aandacht voorbereiden en ben je verzekerd van een smakelijke, gevarieerde en goed verzorgde lunch.<\/p>\t\t\t\t\t\t\t\t<\/div>\n\t\t\t\t<div class=\"elementor-element elementor-element-96a8b02 elementor-align-left elementor-widget elementor-widget-button\" data-id=\"96a8b02\" data-element_type=\"widget\" data-e-type=\"widget\" data-widget_type=\"button.default\">\n\t\t\t\t\t\t\t\t\t\t<a class=\"elementor-button elementor-button-link elementor-size-sm\" href=\"https:\/\/toastenzo.bureauraven.nl\/?page_id=109\">\n\t\t\t\t\t\t<span class=\"elementor-button-content-wrapper\">\n\t\t\t\t\t\t\t\t\t<span class=\"elementor-button-text\">Meer info?<\/span>\n\t\t\t\t\t<\/span>\n\t\t\t\t\t<\/a>\n\t\t\t\t\t\t\t\t<\/div>\n\t\t\t\t<\/div>\n\t\t<div class=\"elementor-element elementor-element-b7e34cf e-con-full e-flex e-con e-child\" data-id=\"b7e34cf\" data-element_type=\"container\" data-e-type=\"container\">\n\t\t\t\t<div class=\"elementor-element elementor-element-66d5f90 elementor-widget elementor-widget-image\" data-id=\"66d5f90\" data-element_type=\"widget\" data-e-type=\"widget\" data-widget_type=\"image.default\">\n\t\t\t\t\t\t\t\t\t\t\t\t\t\t\t<img loading=\"lazy\" decoding=\"async\" width=\"640\" height=\"527\" src=\"https:\/\/toastenzo.bureauraven.nl\/wp-content\/uploads\/2026\/02\/Home-2-1-1024x843.jpg\" class=\"attachment-large size-large wp-image-59\" alt=\"\" srcset=\"https:\/\/toastenzo.bureauraven.nl\/wp-content\/uploads\/2026\/02\/Home-2-1-1024x843.jpg 1024w, https:\/\/toastenzo.bureauraven.nl\/wp-content\/uploads\/2026\/02\/Home-2-1-300x247.jpg 300w, https:\/\/toastenzo.bureauraven.nl\/wp-content\/uploads\/2026\/02\/Home-2-1-768x632.jpg 768w, https:\/\/toastenzo.bureauraven.nl\/wp-content\/uploads\/2026\/02\/Home-2-1.jpg 1042w\" sizes=\"(max-width: 640px) 100vw, 640px\" \/>\t\t\t\t\t\t\t\t\t\t\t\t\t\t\t<\/div>\n\t\t\t\t<\/div>\n\t\t\t\t\t<\/div>\n\t\t\t\t<\/div>\n\t\t<div class=\"elementor-element elementor-element-813914d e-flex e-con-boxed e-con e-parent\" data-id=\"813914d\" data-element_type=\"container\" data-e-type=\"container\" data-settings=\"{&quot;background_background&quot;:&quot;classic&quot;}\">\n\t\t\t\t\t<div class=\"e-con-inner\">\n\t\t<div class=\"elementor-element elementor-element-f96a030 e-con-full e-flex e-con e-child\" data-id=\"f96a030\" data-element_type=\"container\" data-e-type=\"container\">\n\t\t\t\t<div class=\"elementor-element elementor-element-8f616be elementor-widget elementor-widget-heading\" data-id=\"8f616be\" data-element_type=\"widget\" data-e-type=\"widget\" data-widget_type=\"heading.default\">\n\t\t\t\t\t<h2 class=\"elementor-heading-title elementor-size-default\">Populaire gerechten<\/h2>\t\t\t\t<\/div>\n\t\t\t\t<\/div>\n\t\t<div class=\"elementor-element elementor-element-ddd763f e-con-full e-flex e-con e-child\" data-id=\"ddd763f\" data-element_type=\"container\" data-e-type=\"container\" data-settings=\"{&quot;background_background&quot;:&quot;classic&quot;}\">\n\t\t\t\t<div class=\"elementor-element elementor-element-8fd45ce elementor-widget elementor-widget-image\" data-id=\"8fd45ce\" data-element_type=\"widget\" data-e-type=\"widget\" data-widget_type=\"image.default\">\n\t\t\t\t\t\t\t\t\t\t\t\t\t\t\t<img loading=\"lazy\" decoding=\"async\" width=\"640\" height=\"427\" src=\"https:\/\/toastenzo.bureauraven.nl\/wp-content\/uploads\/2026\/02\/ChatGPT-Image-22-feb-2026-20_44_22-1024x683.png\" class=\"attachment-large size-large wp-image-61\" alt=\"\" srcset=\"https:\/\/toastenzo.bureauraven.nl\/wp-content\/uploads\/2026\/02\/ChatGPT-Image-22-feb-2026-20_44_22-1024x683.png 1024w, https:\/\/toastenzo.bureauraven.nl\/wp-content\/uploads\/2026\/02\/ChatGPT-Image-22-feb-2026-20_44_22-300x200.png 300w, https:\/\/toastenzo.bureauraven.nl\/wp-content\/uploads\/2026\/02\/ChatGPT-Image-22-feb-2026-20_44_22-768x512.png 768w, https:\/\/toastenzo.bureauraven.nl\/wp-content\/uploads\/2026\/02\/ChatGPT-Image-22-feb-2026-20_44_22.png 1536w\" sizes=\"(max-width: 640px) 100vw, 640px\" \/>\t\t\t\t\t\t\t\t\t\t\t\t\t\t\t<\/div>\n\t\t\t\t<div class=\"elementor-element elementor-element-03ba9cb elementor-widget elementor-widget-heading\" data-id=\"03ba9cb\" data-element_type=\"widget\" data-e-type=\"widget\" data-widget_type=\"heading.default\">\n\t\t\t\t\t<h2 class=\"elementor-heading-title elementor-size-default\">Bowl Fruit &amp; Honing<\/h2>\t\t\t\t<\/div>\n\t\t\t\t<div class=\"elementor-element elementor-element-06fd151 elementor-widget elementor-widget-text-editor\" data-id=\"06fd151\" data-element_type=\"widget\" data-e-type=\"widget\" data-widget_type=\"text-editor.default\">\n\t\t\t\t\t\t\t\t\t<p data-start=\"221\" data-end=\"288\">Romige yoghurt met vers fruit en honing. Licht, fris en glutenvrij.<\/p>\t\t\t\t\t\t\t\t<\/div>\n\t\t\t\t<\/div>\n\t\t<div class=\"elementor-element elementor-element-c3aeaa5 e-con-full e-flex e-con e-child\" data-id=\"c3aeaa5\" data-element_type=\"container\" data-e-type=\"container\" data-settings=\"{&quot;background_background&quot;:&quot;classic&quot;}\">\n\t\t\t\t<div class=\"elementor-element elementor-element-00dd5f0 elementor-widget elementor-widget-image\" data-id=\"00dd5f0\" data-element_type=\"widget\" data-e-type=\"widget\" data-widget_type=\"image.default\">\n\t\t\t\t\t\t\t\t\t\t\t\t\t\t\t<img loading=\"lazy\" decoding=\"async\" width=\"640\" height=\"427\" src=\"https:\/\/toastenzo.bureauraven.nl\/wp-content\/uploads\/2026\/02\/ChatGPT-Image-22-feb-2026-20_43_45-1024x683.png\" class=\"attachment-large size-large wp-image-60\" alt=\"\" srcset=\"https:\/\/toastenzo.bureauraven.nl\/wp-content\/uploads\/2026\/02\/ChatGPT-Image-22-feb-2026-20_43_45-1024x683.png 1024w, https:\/\/toastenzo.bureauraven.nl\/wp-content\/uploads\/2026\/02\/ChatGPT-Image-22-feb-2026-20_43_45-300x200.png 300w, https:\/\/toastenzo.bureauraven.nl\/wp-content\/uploads\/2026\/02\/ChatGPT-Image-22-feb-2026-20_43_45-768x512.png 768w, https:\/\/toastenzo.bureauraven.nl\/wp-content\/uploads\/2026\/02\/ChatGPT-Image-22-feb-2026-20_43_45.png 1536w\" sizes=\"(max-width: 640px) 100vw, 640px\" \/>\t\t\t\t\t\t\t\t\t\t\t\t\t\t\t<\/div>\n\t\t\t\t<div class=\"elementor-element elementor-element-3b035ff elementor-widget elementor-widget-heading\" data-id=\"3b035ff\" data-element_type=\"widget\" data-e-type=\"widget\" data-widget_type=\"heading.default\">\n\t\t\t\t\t<h2 class=\"elementor-heading-title elementor-size-default\">Broodje Kalkoven<\/h2>\t\t\t\t<\/div>\n\t\t\t\t<div class=\"elementor-element elementor-element-f4545b9 elementor-widget elementor-widget-text-editor\" data-id=\"f4545b9\" data-element_type=\"widget\" data-e-type=\"widget\" data-widget_type=\"text-editor.default\">\n\t\t\t\t\t\t\t\t\t<p data-start=\"737\" data-end=\"840\">Gerookte kalkoenfilet met guacamole, spek, sla, rode ui, komkommer, tomaat, jalape\u00f1os en cr\u00e8me fra\u00eeche.<\/p>\t\t\t\t\t\t\t\t<\/div>\n\t\t\t\t<\/div>\n\t\t<div class=\"elementor-element elementor-element-749664e e-con-full e-flex e-con e-child\" data-id=\"749664e\" data-element_type=\"container\" data-e-type=\"container\" data-settings=\"{&quot;background_background&quot;:&quot;classic&quot;}\">\n\t\t\t\t<div class=\"elementor-element elementor-element-d9b7cf5 elementor-widget elementor-widget-image\" data-id=\"d9b7cf5\" data-element_type=\"widget\" data-e-type=\"widget\" data-widget_type=\"image.default\">\n\t\t\t\t\t\t\t\t\t\t\t\t\t\t\t<img loading=\"lazy\" decoding=\"async\" width=\"640\" height=\"427\" src=\"https:\/\/toastenzo.bureauraven.nl\/wp-content\/uploads\/2026\/02\/ChatGPT-Image-22-feb-2026-20_45_49-1024x683.png\" class=\"attachment-large size-large wp-image-62\" alt=\"\" srcset=\"https:\/\/toastenzo.bureauraven.nl\/wp-content\/uploads\/2026\/02\/ChatGPT-Image-22-feb-2026-20_45_49-1024x683.png 1024w, https:\/\/toastenzo.bureauraven.nl\/wp-content\/uploads\/2026\/02\/ChatGPT-Image-22-feb-2026-20_45_49-300x200.png 300w, https:\/\/toastenzo.bureauraven.nl\/wp-content\/uploads\/2026\/02\/ChatGPT-Image-22-feb-2026-20_45_49-768x512.png 768w, https:\/\/toastenzo.bureauraven.nl\/wp-content\/uploads\/2026\/02\/ChatGPT-Image-22-feb-2026-20_45_49.png 1536w\" sizes=\"(max-width: 640px) 100vw, 640px\" \/>\t\t\t\t\t\t\t\t\t\t\t\t\t\t\t<\/div>\n\t\t\t\t<div class=\"elementor-element elementor-element-b707683 elementor-widget elementor-widget-heading\" data-id=\"b707683\" data-element_type=\"widget\" data-e-type=\"widget\" data-widget_type=\"heading.default\">\n\t\t\t\t\t<h2 class=\"elementor-heading-title elementor-size-default\">Pulled Chicken<\/h2>\t\t\t\t<\/div>\n\t\t\t\t<div class=\"elementor-element elementor-element-7ec86a2 elementor-widget elementor-widget-text-editor\" data-id=\"7ec86a2\" data-element_type=\"widget\" data-e-type=\"widget\" data-widget_type=\"text-editor.default\">\n\t\t\t\t\t\t\t\t\t<p data-start=\"409\" data-end=\"479\">Malse pulled chicken met sla, coleslaw, rode ui, lente-ui en BBQ-saus.<\/p>\t\t\t\t\t\t\t\t<\/div>\n\t\t\t\t<\/div>\n\t\t<div class=\"elementor-element elementor-element-7fd1c02 e-con-full e-flex e-con e-child\" data-id=\"7fd1c02\" data-element_type=\"container\" data-e-type=\"container\" data-settings=\"{&quot;background_background&quot;:&quot;classic&quot;}\">\n\t\t\t\t<div class=\"elementor-element elementor-element-2fd9464 elementor-widget elementor-widget-image\" data-id=\"2fd9464\" data-element_type=\"widget\" data-e-type=\"widget\" data-widget_type=\"image.default\">\n\t\t\t\t\t\t\t\t\t\t\t\t\t\t\t<img loading=\"lazy\" decoding=\"async\" width=\"640\" height=\"427\" src=\"https:\/\/toastenzo.bureauraven.nl\/wp-content\/uploads\/2026\/02\/ChatGPT-Image-22-feb-2026-20_46_36-1024x683.png\" class=\"attachment-large size-large wp-image-64\" alt=\"\" srcset=\"https:\/\/toastenzo.bureauraven.nl\/wp-content\/uploads\/2026\/02\/ChatGPT-Image-22-feb-2026-20_46_36-1024x683.png 1024w, https:\/\/toastenzo.bureauraven.nl\/wp-content\/uploads\/2026\/02\/ChatGPT-Image-22-feb-2026-20_46_36-300x200.png 300w, https:\/\/toastenzo.bureauraven.nl\/wp-content\/uploads\/2026\/02\/ChatGPT-Image-22-feb-2026-20_46_36-768x512.png 768w, https:\/\/toastenzo.bureauraven.nl\/wp-content\/uploads\/2026\/02\/ChatGPT-Image-22-feb-2026-20_46_36.png 1536w\" sizes=\"(max-width: 640px) 100vw, 640px\" \/>\t\t\t\t\t\t\t\t\t\t\t\t\t\t\t<\/div>\n\t\t\t\t<div class=\"elementor-element elementor-element-41dc0b1 elementor-widget elementor-widget-heading\" data-id=\"41dc0b1\" data-element_type=\"widget\" data-e-type=\"widget\" data-widget_type=\"heading.default\">\n\t\t\t\t\t<h2 class=\"elementor-heading-title elementor-size-default\">Broodje Brie<\/h2>\t\t\t\t<\/div>\n\t\t\t\t<div class=\"elementor-element elementor-element-2f513cc elementor-widget elementor-widget-text-editor\" data-id=\"2f513cc\" data-element_type=\"widget\" data-e-type=\"widget\" data-widget_type=\"text-editor.default\">\n\t\t\t\t\t\t\t\t\t<p data-start=\"316\" data-end=\"379\">Zacht belegde brie met sla, honing, dukkah en frisse komkommer.<\/p>\t\t\t\t\t\t\t\t<\/div>\n\t\t\t\t<\/div>\n\t\t\t\t\t<\/div>\n\t\t\t\t<\/div>\n\t\t<div class=\"elementor-element elementor-element-554e859 e-flex e-con-boxed e-con e-parent\" data-id=\"554e859\" data-element_type=\"container\" data-e-type=\"container\">\n\t\t\t\t\t<div class=\"e-con-inner\">\n\t\t<div class=\"elementor-element elementor-element-e1c4f3a e-con-full e-flex e-con e-child\" data-id=\"e1c4f3a\" data-element_type=\"container\" data-e-type=\"container\" data-settings=\"{&quot;background_background&quot;:&quot;classic&quot;}\">\n\t\t\t\t<div class=\"elementor-element elementor-element-6e03ee8 elementor-widget elementor-widget-heading\" data-id=\"6e03ee8\" data-element_type=\"widget\" data-e-type=\"widget\" data-widget_type=\"heading.default\">\n\t\t\t\t\t<h2 class=\"elementor-heading-title elementor-size-default\">Bestel nu online<\/h2>\t\t\t\t<\/div>\n\t\t\t\t<div class=\"elementor-element elementor-element-04bcd4f elementor-widget elementor-widget-text-editor\" data-id=\"04bcd4f\" data-element_type=\"widget\" data-e-type=\"widget\" data-widget_type=\"text-editor.default\">\n\t\t\t\t\t\t\t\t\t<p>Geen tijd om langs te komen? Bestel eenvoudig online en haal je favoriete broodjes, bowls of lunchboxen af op het moment dat jou uitkomt. Vers bereid en klaar om mee te nemen.<\/p>\t\t\t\t\t\t\t\t<\/div>\n\t\t\t\t<div class=\"elementor-element elementor-element-dcf0c56 elementor-align-center elementor-widget elementor-widget-button\" data-id=\"dcf0c56\" data-element_type=\"widget\" data-e-type=\"widget\" data-widget_type=\"button.default\">\n\t\t\t\t\t\t\t\t\t\t<a class=\"elementor-button elementor-button-link elementor-size-sm\" href=\"https:\/\/toastenzo.foodticket.nl\/foodticket\/cgi\/bestel.cgi\">\n\t\t\t\t\t\t<span class=\"elementor-button-content-wrapper\">\n\t\t\t\t\t\t\t\t\t<span class=\"elementor-button-text\">Bestel direct<\/span>\n\t\t\t\t\t<\/span>\n\t\t\t\t\t<\/a>\n\t\t\t\t\t\t\t\t<\/div>\n\t\t\t\t<\/div>\n\t\t\t\t\t<\/div>\n\t\t\t\t<\/div>\n\t\t\t\t<\/div>\n\t\t","protected":false},"excerpt":{"rendered":"<p>Ambachtelijke broodjes &amp; meer Bij Toast &amp; zo geniet je van vers belegde broodjes Bestel [&hellip;]<\/p>\n","protected":false},"author":1,"featured_media":0,"parent":0,"menu_order":0,"comment_status":"closed","ping_status":"closed","template":"elementor_header_footer","meta":{"footnotes":""},"class_list":["post-30","page","type-page","status-publish","hentry"],"_links":{"self":[{"href":"https:\/\/toastenzo.bureauraven.nl\/index.php?rest_route=\/wp\/v2\/pages\/30","targetHints":{"allow":["GET"]}}],"collection":[{"href":"https:\/\/toastenzo.bureauraven.nl\/index.php?rest_route=\/wp\/v2\/pages"}],"about":[{"href":"https:\/\/toastenzo.bureauraven.nl\/index.php?rest_route=\/wp\/v2\/types\/page"}],"author":[{"embeddable":true,"href":"https:\/\/toastenzo.bureauraven.nl\/index.php?rest_route=\/wp\/v2\/users\/1"}],"replies":[{"embeddable":true,"href":"https:\/\/toastenzo.bureauraven.nl\/index.php?rest_route=%2Fwp%2Fv2%2Fcomments&post=30"}],"version-history":[{"count":40,"href":"https:\/\/toastenzo.bureauraven.nl\/index.php?rest_route=\/wp\/v2\/pages\/30\/revisions"}],"predecessor-version":[{"id":164,"href":"https:\/\/toastenzo.bureauraven.nl\/index.php?rest_route=\/wp\/v2\/pages\/30\/revisions\/164"}],"wp:attachment":[{"href":"https:\/\/toastenzo.bureauraven.nl\/index.php?rest_route=%2Fwp%2Fv2%2Fmedia&parent=30"}],"curies":[{"name":"wp","href":"https:\/\/api.w.org\/{rel}","templated":true}]}}